{"id":9,"date":"2018-02-08T17:25:56","date_gmt":"2018-02-08T17:25:56","guid":{"rendered":"http:\/\/sandrarestrepo.com\/en\/?page_id=9"},"modified":"2018-04-13T15:19:44","modified_gmt":"2018-04-13T15:19:44","slug":"drsandra","status":"publish","type":"page","link":"http:\/\/sandrarestrepo.com\/en\/drsandra\/","title":{"rendered":"Drsandra"},"content":{"rendered":"<p>Dr. Sandra Restrepo is a Surgeon at the Pontificia Universidad Javeriana and a Specialist in Dermatology at the Hospital de Cl\u00ednicas Jos\u00e9 de San Mart\u00edn of the University of Buenos Aires; He has subspecialty studies and more than 15 years of experience in the areas of Aesthetic Dermatology, Dermocosmetic Surgery, Aesthetic Medicine, Skin Diseases and Injuries.<\/p>\n","protected":false},"excerpt":{"rendered":"<p>Dr. Sandra Restrepo is a Surgeon at the Pontificia Universidad Javeriana and a Specialist in Dermatology at the Hospital de Cl\u00ednicas Jos\u00e9 de San Mart\u00edn of the University of Buenos Aires; He has subspecialty studies and more than 15 years of experience in the areas of Aesthetic Dermatology, Dermocosmetic Surgery, Aesthetic Medicine, Skin Diseases and [&hellip;]<\/p>\n","protected":false},"author":1,"featured_media":47,"parent":0,"menu_order":0,"comment_status":"closed","ping_status":"closed","template":"","meta":{"footnotes":""},"_links":{"self":[{"href":"http:\/\/sandrarestrepo.com\/en\/wp-json\/wp\/v2\/pages\/9"}],"collection":[{"href":"http:\/\/sandrarestrepo.com\/en\/wp-json\/wp\/v2\/pages"}],"about":[{"href":"http:\/\/sandrarestrepo.com\/en\/wp-json\/wp\/v2\/types\/page"}],"author":[{"embeddable":true,"href":"http:\/\/sandrarestrepo.com\/en\/wp-json\/wp\/v2\/users\/1"}],"replies":[{"embeddable":true,"href":"http:\/\/sandrarestrepo.com\/en\/wp-json\/wp\/v2\/comments?post=9"}],"version-history":[{"count":11,"href":"http:\/\/sandrarestrepo.com\/en\/wp-json\/wp\/v2\/pages\/9\/revisions"}],"predecessor-version":[{"id":338,"href":"http:\/\/sandrarestrepo.com\/en\/wp-json\/wp\/v2\/pages\/9\/revisions\/338"}],"wp:featuredmedia":[{"embeddable":true,"href":"http:\/\/sandrarestrepo.com\/en\/wp-json\/wp\/v2\/media\/47"}],"wp:attachment":[{"href":"http:\/\/sandrarestrepo.com\/en\/wp-json\/wp\/v2\/media?parent=9"}],"curies":[{"name":"wp","href":"https:\/\/api.w.org\/{rel}","templated":true}]}}